{"id":10418,"date":"2021-05-17T13:24:37","date_gmt":"2021-05-17T13:24:37","guid":{"rendered":"https:\/\/achesongroup.com\/?page_id=10418"},"modified":"2023-05-01T02:29:35","modified_gmt":"2023-05-01T02:29:35","slug":"hygienic-design","status":"publish","type":"page","link":"https:\/\/canada.achesongroup.com\/fr\/hygienic-design\/","title":{"rendered":"Conception Hygi\u00e9nique"},"content":{"rendered":"<div data-elementor-type=\"wp-page\" data-elementor-id=\"10418\" class=\"elementor elementor-10418\" data-elementor-post-type=\"page\">\n\t\t\t\t\t\t<section class=\"elementor-section elementor-top-section elementor-element elementor-element-1677126 elementor-section-height-min-height elementor-section-full_width elementor-section-height-default elementor-section-items-middle\" data-id=\"1677126\" data-element_type=\"section\" data-e-type=\"section\" data-settings=\"{&quot;background_background&quot;:&quot;classic&quot;}\">\n\t\t\t\t\t\t\t<div class=\"elementor-background-overlay\"><\/div>\n\t\t\t\t\t\t\t<div class=\"elementor-container elementor-column-gap-default\">\n\t\t\t\t\t<div class=\"elementor-column elementor-col-100 elementor-top-column elementor-element elementor-element-44ce7ca\" data-id=\"44ce7ca\" data-element_type=\"column\" data-e-type=\"column\">\n\t\t\t<div class=\"elementor-widget-wrap elementor-element-populated\">\n\t\t\t\t\t\t<div class=\"elementor-element elementor-element-bf9598b elementor-widget elementor-widget-heading\" data-id=\"bf9598b\" data-element_type=\"widget\" data-e-type=\"widget\" data-widget_type=\"heading.default\">\n\t\t\t\t<div class=\"elementor-widget-container\">\n\t\t\t\t\t<h2 class=\"elementor-heading-title elementor-size-default\">Conception Hygi\u00e9nique<\/h2>\t\t\t\t<\/div>\n\t\t\t\t<\/div>\n\t\t\t\t\t<\/div>\n\t\t<\/div>\n\t\t\t\t\t<\/div>\n\t\t<\/section>\n\t\t\t\t<section class=\"elementor-section elementor-top-section elementor-element elementor-element-da629a0 elementor-section-full_width elementor-section-height-default elementor-section-height-default\" data-id=\"da629a0\" data-element_type=\"section\" data-e-type=\"section\" data-settings=\"{&quot;background_background&quot;:&quot;classic&quot;}\">\n\t\t\t\t\t\t<div class=\"elementor-container elementor-column-gap-default\">\n\t\t\t\t\t<div class=\"elementor-column elementor-col-100 elementor-top-column elementor-element elementor-element-e9e0138\" data-id=\"e9e0138\" data-element_type=\"column\" data-e-type=\"column\">\n\t\t\t<div class=\"elementor-widget-wrap elementor-element-populated\">\n\t\t\t\t\t\t<div class=\"elementor-element elementor-element-4f0f037 elementor-widget elementor-widget-text-editor\" data-id=\"4f0f037\" data-element_type=\"widget\" data-e-type=\"widget\" data-widget_type=\"text-editor.default\">\n\t\t\t\t<div class=\"elementor-widget-container\">\n\t\t\t\t\t\t\t\t\t<p>Il est essentiel que la conception des \u00e9tablissements de produits alimentaires et leurs \u00e9quipements de transformation respectent les normes de conception hygi\u00e9niques et sanitaires, afin de pr\u00e9venir les risques en mati\u00e8re de s\u00e9curit\u00e9 alimentaire.<\/p>\t\t\t\t\t\t\t\t<\/div>\n\t\t\t\t<\/div>\n\t\t\t\t<div class=\"elementor-element elementor-element-677536c elementor-widget-divider--view-line elementor-widget elementor-widget-divider\" data-id=\"677536c\" data-element_type=\"widget\" data-e-type=\"widget\" data-widget_type=\"divider.default\">\n\t\t\t\t<div class=\"elementor-widget-container\">\n\t\t\t\t\t\t\t<div class=\"elementor-divider\">\n\t\t\t<span class=\"elementor-divider-separator\">\n\t\t\t\t\t\t<\/span>\n\t\t<\/div>\n\t\t\t\t\t\t<\/div>\n\t\t\t\t<\/div>\n\t\t\t\t\t<\/div>\n\t\t<\/div>\n\t\t\t\t\t<\/div>\n\t\t<\/section>\n\t\t\t\t<section class=\"elementor-section elementor-top-section elementor-element elementor-element-c8d15a6 elementor-section-full_width elementor-section-height-default elementor-section-height-default\" data-id=\"c8d15a6\" data-element_type=\"section\" data-e-type=\"section\">\n\t\t\t\t\t\t<div class=\"elementor-container elementor-column-gap-default\">\n\t\t\t\t\t<div class=\"elementor-column elementor-col-100 elementor-top-column elementor-element elementor-element-35235b1\" data-id=\"35235b1\" data-element_type=\"column\" data-e-type=\"column\">\n\t\t\t<div class=\"elementor-widget-wrap elementor-element-populated\">\n\t\t\t\t\t\t<section class=\"elementor-section elementor-inner-section elementor-element elementor-element-24c014c elementor-section-full_width elementor-section-height-default elementor-section-height-default\" data-id=\"24c014c\" data-element_type=\"section\" data-e-type=\"section\">\n\t\t\t\t\t\t<div class=\"elementor-container elementor-column-gap-default\">\n\t\t\t\t\t<div class=\"elementor-column elementor-col-50 elementor-inner-column elementor-element elementor-element-feb63dd\" data-id=\"feb63dd\" data-element_type=\"column\" data-e-type=\"column\">\n\t\t\t<div class=\"elementor-widget-wrap elementor-element-populated\">\n\t\t\t\t\t\t<div class=\"elementor-element elementor-element-bfd48ec elementor-widget elementor-widget-icon-box\" data-id=\"bfd48ec\" data-element_type=\"widget\" data-e-type=\"widget\" data-widget_type=\"icon-box.default\">\n\t\t\t\t<div class=\"elementor-widget-container\">\n\t\t\t\t\t\t\t<div class=\"elementor-icon-box-wrapper\">\n\n\t\t\t\n\t\t\t\t\t\t<div class=\"elementor-icon-box-content\">\n\n\t\t\t\t\t\t\t\t\t<h3 class=\"elementor-icon-box-title\">\n\t\t\t\t\t\t<span  >\n\t\t\t\t\t\t\tPourquoi choisir TAG\t\t\t\t\t\t<\/span>\n\t\t\t\t\t<\/h3>\n\t\t\t\t\n\t\t\t\t\t\t\t\t\t<p class=\"elementor-icon-box-description\">\n\t\t\t\t\t\tTAG vous soutient dans la r\u00e9duction des risques de s\u00e9curit\u00e9 alimentaire et l\u2019optimisation de la dur\u00e9e des cycles d'assainissement, et vous aide aussi \u00e0 augmenter votre temps de production effectif, gr\u00e2ce \u00e0 des \u00e9valuations ou formations approfondies. Nous vous soutenons dans l\u2018incorporation des principes de conception hygi\u00e9niques et sanitaires robustes dans la conception de votre site et \/ ou vos \u00e9quipements.\t\t\t\t\t<\/p>\n\t\t\t\t\n\t\t\t<\/div>\n\t\t\t\n\t\t<\/div>\n\t\t\t\t\t\t<\/div>\n\t\t\t\t<\/div>\n\t\t\t\t\t<\/div>\n\t\t<\/div>\n\t\t\t\t<div class=\"elementor-column elementor-col-50 elementor-inner-column elementor-element elementor-element-13f610a\" data-id=\"13f610a\" data-element_type=\"column\" data-e-type=\"column\">\n\t\t\t<div class=\"elementor-widget-wrap elementor-element-populated\">\n\t\t\t\t\t\t<div class=\"elementor-element elementor-element-1ce69d6 elementor-widget elementor-widget-icon-box\" data-id=\"1ce69d6\" data-element_type=\"widget\" data-e-type=\"widget\" data-widget_type=\"icon-box.default\">\n\t\t\t\t<div class=\"elementor-widget-container\">\n\t\t\t\t\t\t\t<div class=\"elementor-icon-box-wrapper\">\n\n\t\t\t\n\t\t\t\t\t\t<div class=\"elementor-icon-box-content\">\n\n\t\t\t\t\t\t\t\t\t<h3 class=\"elementor-icon-box-title\">\n\t\t\t\t\t\t<span  >\n\t\t\t\t\t\t\tNos Services\t\t\t\t\t\t<\/span>\n\t\t\t\t\t<\/h3>\n\t\t\t\t\n\t\t\t\t\t\t\t\t\t<p class=\"elementor-icon-box-description\">\n\t\t\t\t\t\tTAG collabore avec votre \u00e9quipe interne, votre fournisseur ou encore une entreprise tierce, pour garantir que la conception hygi\u00e9nique soit prise en compte dans votre site ou vos \u00e9quipements. Nous proposons des \u00e9valuations, formations, et conseils, ou bien un engagement direct, pour vos projets et achats, ainsi qu\u2018une expertise continue.\t\t\t\t\t<\/p>\n\t\t\t\t\n\t\t\t<\/div>\n\t\t\t\n\t\t<\/div>\n\t\t\t\t\t\t<\/div>\n\t\t\t\t<\/div>\n\t\t\t\t\t<\/div>\n\t\t<\/div>\n\t\t\t\t\t<\/div>\n\t\t<\/section>\n\t\t\t\t\t<\/div>\n\t\t<\/div>\n\t\t\t\t\t<\/div>\n\t\t<\/section>\n\t\t\t\t<section class=\"elementor-section elementor-top-section elementor-element elementor-element-0064922 elementor-section-full_width elementor-section-height-default elementor-section-height-default\" data-id=\"0064922\" data-element_type=\"section\" data-e-type=\"section\">\n\t\t\t\t\t\t<div class=\"elementor-container elementor-column-gap-default\">\n\t\t\t\t\t<div class=\"elementor-column elementor-col-100 elementor-top-column elementor-element elementor-element-b46a7de\" data-id=\"b46a7de\" data-element_type=\"column\" data-e-type=\"column\">\n\t\t\t<div class=\"elementor-widget-wrap elementor-element-populated\">\n\t\t\t\t\t\t<div class=\"elementor-element elementor-element-d5ee7d3 elementor-widget elementor-widget-heading\" data-id=\"d5ee7d3\" data-element_type=\"widget\" data-e-type=\"widget\" data-widget_type=\"heading.default\">\n\t\t\t\t<div class=\"elementor-widget-container\">\n\t\t\t\t\t<h2 class=\"elementor-heading-title elementor-size-default\">Les services de conception hygi\u00e9nique TAG comprennent :<\/h2>\t\t\t\t<\/div>\n\t\t\t\t<\/div>\n\t\t\t\t<div class=\"elementor-element elementor-element-f4c8902 elementor-tabs-view-horizontal elementor-widget elementor-widget-tabs\" data-id=\"f4c8902\" data-element_type=\"widget\" data-e-type=\"widget\" data-widget_type=\"tabs.default\">\n\t\t\t\t<div class=\"elementor-widget-container\">\n\t\t\t\t\t\t\t<div class=\"elementor-tabs\">\n\t\t\t<div class=\"elementor-tabs-wrapper\" role=\"tablist\" >\n\t\t\t\t\t\t\t\t\t<div id=\"elementor-tab-title-2561\" class=\"elementor-tab-title elementor-tab-desktop-title\" aria-selected=\"true\" data-tab=\"1\" role=\"tab\" tabindex=\"0\" aria-controls=\"elementor-tab-content-2561\" aria-expanded=\"false\">La collaboration<\/div>\n\t\t\t\t\t\t\t\t\t<div id=\"elementor-tab-title-2562\" class=\"elementor-tab-title elementor-tab-desktop-title\" aria-selected=\"false\" data-tab=\"2\" role=\"tab\" tabindex=\"-1\" aria-controls=\"elementor-tab-content-2562\" aria-expanded=\"false\">Formation<\/div>\n\t\t\t\t\t\t\t\t\t<div id=\"elementor-tab-title-2563\" class=\"elementor-tab-title elementor-tab-desktop-title\" aria-selected=\"false\" data-tab=\"3\" role=\"tab\" tabindex=\"-1\" aria-controls=\"elementor-tab-content-2563\" aria-expanded=\"false\">Ma\u00eetrise d'oeuvre<\/div>\n\t\t\t\t\t\t\t\t\t<div id=\"elementor-tab-title-2564\" class=\"elementor-tab-title elementor-tab-desktop-title\" aria-selected=\"false\" data-tab=\"4\" role=\"tab\" tabindex=\"-1\" aria-controls=\"elementor-tab-content-2564\" aria-expanded=\"false\">\u00c9quipement<\/div>\n\t\t\t\t\t\t\t<\/div>\n\t\t\t<div class=\"elementor-tabs-content-wrapper\" role=\"tablist\" aria-orientation=\"vertical\">\n\t\t\t\t\t\t\t\t\t<div class=\"elementor-tab-title elementor-tab-mobile-title\" aria-selected=\"true\" data-tab=\"1\" role=\"tab\" tabindex=\"0\" aria-controls=\"elementor-tab-content-2561\" aria-expanded=\"false\">La collaboration<\/div>\n\t\t\t\t\t<div id=\"elementor-tab-content-2561\" class=\"elementor-tab-content elementor-clearfix\" data-tab=\"1\" role=\"tabpanel\" aria-labelledby=\"elementor-tab-title-2561\" tabindex=\"0\" hidden=\"false\"><p>TAG collabore directement avec vos \u00e9quipes de projet internes, vos fournisseurs d'\u00e9quipement, ou encore vos fournisseurs de services d'ing\u00e9nierie tiers, pour garantir que vos nouveaux site ou \u00e9quipements soient nettoyables du point de vue microbiologique, selon les normes de conception sanitaire en vigueur.<\/p><\/div>\n\t\t\t\t\t\t\t\t\t<div class=\"elementor-tab-title elementor-tab-mobile-title\" aria-selected=\"false\" data-tab=\"2\" role=\"tab\" tabindex=\"-1\" aria-controls=\"elementor-tab-content-2562\" aria-expanded=\"false\">Formation<\/div>\n\t\t\t\t\t<div id=\"elementor-tab-content-2562\" class=\"elementor-tab-content elementor-clearfix\" data-tab=\"2\" role=\"tabpanel\" aria-labelledby=\"elementor-tab-title-2562\" tabindex=\"0\" hidden=\"hidden\">TAG propose une s\u00e9lection de services de formation en conception hygi\u00e9nique pour vos cadres d\u2019entreprise et votre (vos) \u00e9quipe(s) de projet. Ces services incluent :\n\u2022\tDes conf\u00e9rences en ligne de sensibilisation \u00e0 la conception hygi\u00e9nique ou sanitaire.\n\u2022\tUne formation sur site, sous forme de s\u00e9minaire, en demi-journ\u00e9e ou journ\u00e9e compl\u00e8te.<br>\n-Virtual webinars on hygienic or sanitary design awareness.<br>\n-On-site education presenting a half or full day training seminar.<\/div>\n\t\t\t\t\t\t\t\t\t<div class=\"elementor-tab-title elementor-tab-mobile-title\" aria-selected=\"false\" data-tab=\"3\" role=\"tab\" tabindex=\"-1\" aria-controls=\"elementor-tab-content-2563\" aria-expanded=\"false\">Ma\u00eetrise d'oeuvre<\/div>\n\t\t\t\t\t<div id=\"elementor-tab-content-2563\" class=\"elementor-tab-content elementor-clearfix\" data-tab=\"3\" role=\"tabpanel\" aria-labelledby=\"elementor-tab-title-2563\" tabindex=\"0\" hidden=\"hidden\">Que ce soit pour la conception, la mise en service, ou les r\u00e9novations, modifications ou ajouts structurels des nouveaux sites, TAG travaille avec votre \u00e9quipe sur les analyses et \u00e9valuations de conception, afin d'int\u00e9grer une conception hygi\u00e9nique selon les normes, et att\u00e9nuer les risques li\u00e9s \u00e0 la s\u00e9curit\u00e9 alimentaire.<\/div>\n\t\t\t\t\t\t\t\t\t<div class=\"elementor-tab-title elementor-tab-mobile-title\" aria-selected=\"false\" data-tab=\"4\" role=\"tab\" tabindex=\"-1\" aria-controls=\"elementor-tab-content-2564\" aria-expanded=\"false\">\u00c9quipement<\/div>\n\t\t\t\t\t<div id=\"elementor-tab-content-2564\" class=\"elementor-tab-content elementor-clearfix\" data-tab=\"4\" role=\"tabpanel\" aria-labelledby=\"elementor-tab-title-2564\" tabindex=\"0\" hidden=\"hidden\">Que vous cherchiez \u00e0 r\u00e9duire les risques li\u00e9s \u00e0 vos \u00e9quipements actuels ou en cours d\u2019acquisition, TAG en \u00e9value la conception, et fournit des recommandations d\u00e9taill\u00e9es pour leur am\u00e9lioration. Nous proposons un support \u00e0 la s\u00e9lection de nouveaux \u00e9quipements, et nous travaillons aussi directement avec vos fournisseurs en mati\u00e8re d\u2018exigences de conception hygi\u00e9nique.<\/div>\n\t\t\t\t\t\t\t<\/div>\n\t\t<\/div>\n\t\t\t\t\t\t<\/div>\n\t\t\t\t<\/div>\n\t\t\t\t\t<\/div>\n\t\t<\/div>\n\t\t\t\t\t<\/div>\n\t\t<\/section>\n\t\t\t\t<section class=\"elementor-section elementor-top-section elementor-element elementor-element-2fa9f79 elementor-section-boxed elementor-section-height-default elementor-section-height-default\" data-id=\"2fa9f79\" data-element_type=\"section\" data-e-type=\"section\">\n\t\t\t\t\t\t<div class=\"elementor-container elementor-column-gap-default\">\n\t\t\t\t\t<div class=\"elementor-column elementor-col-100 elementor-top-column elementor-element elementor-element-95c63d0\" data-id=\"95c63d0\" data-element_type=\"column\" data-e-type=\"column\">\n\t\t\t<div class=\"elementor-widget-wrap elementor-element-populated\">\n\t\t\t\t\t\t<div class=\"elementor-element elementor-element-c697cda elementor-widget elementor-widget-heading\" data-id=\"c697cda\" data-element_type=\"widget\" data-e-type=\"widget\" data-widget_type=\"heading.default\">\n\t\t\t\t<div class=\"elementor-widget-container\">\n\t\t\t\t\t<h2 class=\"elementor-heading-title elementor-size-default\">En savoir plus sur les programmes de conception hygi\u00e9nique<\/h2>\t\t\t\t<\/div>\n\t\t\t\t<\/div>\n\t\t\t\t<div class=\"elementor-element elementor-element-ff6c793 elementor-widget elementor-widget-video\" data-id=\"ff6c793\" data-element_type=\"widget\" data-e-type=\"widget\" data-settings=\"{&quot;youtube_url&quot;:&quot;https:\\\/\\\/www.youtube.com\\\/watch?v=ALkRhwoECLg&amp;t=11s&quot;,&quot;video_type&quot;:&quot;youtube&quot;,&quot;controls&quot;:&quot;yes&quot;}\" data-widget_type=\"video.default\">\n\t\t\t\t<div class=\"elementor-widget-container\">\n\t\t\t\t\t\t\t<div class=\"elementor-wrapper elementor-open-inline\">\n\t\t\t<div class=\"elementor-video\"><\/div>\t\t<\/div>\n\t\t\t\t\t\t<\/div>\n\t\t\t\t<\/div>\n\t\t\t\t<div class=\"elementor-element elementor-element-1ff6e44 elementor-widget-divider--view-line elementor-widget elementor-widget-divider\" data-id=\"1ff6e44\" data-element_type=\"widget\" data-e-type=\"widget\" data-widget_type=\"divider.default\">\n\t\t\t\t<div class=\"elementor-widget-container\">\n\t\t\t\t\t\t\t<div class=\"elementor-divider\">\n\t\t\t<span class=\"elementor-divider-separator\">\n\t\t\t\t\t\t<\/span>\n\t\t<\/div>\n\t\t\t\t\t\t<\/div>\n\t\t\t\t<\/div>\n\t\t\t\t\t<\/div>\n\t\t<\/div>\n\t\t\t\t\t<\/div>\n\t\t<\/section>\n\t\t\t\t<section class=\"elementor-section elementor-top-section elementor-element elementor-element-1116144 elementor-section-boxed elementor-section-height-default elementor-section-height-default\" data-id=\"1116144\" data-element_type=\"section\" data-e-type=\"section\">\n\t\t\t\t\t\t<div class=\"elementor-container elementor-column-gap-default\">\n\t\t\t\t\t<div class=\"elementor-column elementor-col-100 elementor-top-column elementor-element elementor-element-86fef66\" data-id=\"86fef66\" data-element_type=\"column\" data-e-type=\"column\">\n\t\t\t<div class=\"elementor-widget-wrap elementor-element-populated\">\n\t\t\t\t\t\t\t<\/div>\n\t\t<\/div>\n\t\t\t\t\t<\/div>\n\t\t<\/section>\n\t\t\t\t<section class=\"elementor-section elementor-top-section elementor-element elementor-element-cb04859 elementor-section-boxed elementor-section-height-default elementor-section-height-default\" data-id=\"cb04859\" data-element_type=\"section\" data-e-type=\"section\">\n\t\t\t\t\t\t<div class=\"elementor-container elementor-column-gap-default\">\n\t\t\t\t\t<div class=\"elementor-column elementor-col-100 elementor-top-column elementor-element elementor-element-5560cc1\" data-id=\"5560cc1\" data-element_type=\"column\" data-e-type=\"column\">\n\t\t\t<div class=\"elementor-widget-wrap elementor-element-populated\">\n\t\t\t\t\t\t<div class=\"elementor-element elementor-element-391e6fb elementor-widget elementor-widget-heading\" data-id=\"391e6fb\" data-element_type=\"widget\" data-e-type=\"widget\" data-widget_type=\"heading.default\">\n\t\t\t\t<div class=\"elementor-widget-container\">\n\t\t\t\t\t<h2 class=\"elementor-heading-title elementor-size-default\"><span style=\"text-transform: capitalize\">\nAssociez-vous \u00e0 la meilleure \u00e9quipe de consultants en s\u00e9curit\u00e9 alimentaire et sant\u00e9 publique\n<\/span>\n<span style=\"text-transform: capitalize\">Contactez TAG d\u00e8s aujourd'hui !<\/span><\/h2>\t\t\t\t<\/div>\n\t\t\t\t<\/div>\n\t\t\t\t<div class=\"elementor-element elementor-element-1e0de37 elementor-align-center elementor-widget elementor-widget-button\" data-id=\"1e0de37\" data-element_type=\"widget\" data-e-type=\"widget\" data-widget_type=\"button.default\">\n\t\t\t\t<div class=\"elementor-widget-container\">\n\t\t\t\t\t\t\t\t\t<div class=\"elementor-button-wrapper\">\n\t\t\t\t\t<a class=\"elementor-button elementor-button-link elementor-size-lg\" href=\"https:\/\/canada.achesongroup.com\/fr\/contact-us\/\">\n\t\t\t\t\t\t<span class=\"elementor-button-content-wrapper\">\n\t\t\t\t\t\t\t\t\t<span class=\"elementor-button-text\">Contactez TAG d\u00e8s aujourd'hui !<\/span>\n\t\t\t\t\t<\/span>\n\t\t\t\t\t<\/a>\n\t\t\t\t<\/div>\n\t\t\t\t\t\t\t\t<\/div>\n\t\t\t\t<\/div>\n\t\t\t\t\t<\/div>\n\t\t<\/div>\n\t\t\t\t\t<\/div>\n\t\t<\/section>\n\t\t\t\t<\/div>","protected":false},"excerpt":{"rendered":"<p>Hygienic Design It is critical that the food facility structure and processing equipment meet hygienic and sanitary design standards to prevent food-safety risks. WHY CHOOSE TAG TAG can help reduce your food safety risks, decrease sanitation cycle-time, and increase your processing run-time through a thorough assessment or training. We will assist in the incorporation of [&hellip;]<\/p>\n","protected":false},"author":1,"featured_media":0,"parent":0,"menu_order":0,"comment_status":"closed","ping_status":"closed","template":"elementor_header_footer","meta":{"footnotes":""},"class_list":["post-10418","page","type-page","status-publish","hentry"],"yoast_head":"<!-- This site is optimized with the Yoast SEO plugin v27.4 - https:\/\/yoast.com\/product\/yoast-seo-wordpress\/ -->\n<title>Hygienic Design - Canada<\/title>\n<meta name=\"robots\" content=\"index, follow, max-snippet:-1, max-image-preview:large, max-video-preview:-1\" \/>\n<link rel=\"canonical\" href=\"https:\/\/canada.achesongroup.com\/fr\/hygienic-design\/\" \/>\n<meta property=\"og:locale\" content=\"fr_CA\" \/>\n<meta property=\"og:type\" content=\"article\" \/>\n<meta property=\"og:title\" content=\"Hygienic Design - Canada\" \/>\n<meta property=\"og:description\" content=\"Hygienic Design It is critical that the food facility structure and processing equipment meet hygienic and sanitary design standards to prevent food-safety risks. WHY CHOOSE TAG TAG can help reduce your food safety risks, decrease sanitation cycle-time, and increase your processing run-time through a thorough assessment or training. We will assist in the incorporation of [&hellip;]\" \/>\n<meta property=\"og:url\" content=\"https:\/\/canada.achesongroup.com\/fr\/hygienic-design\/\" \/>\n<meta property=\"og:site_name\" content=\"Canada\" \/>\n<meta property=\"article:modified_time\" content=\"2023-05-01T02:29:35+00:00\" \/>\n<meta name=\"twitter:card\" content=\"summary_large_image\" \/>\n<meta name=\"twitter:label1\" content=\"Estimation du temps de lecture\" \/>\n\t<meta name=\"twitter:data1\" content=\"2 minutes\" \/>\n<script type=\"application\/ld+json\" class=\"yoast-schema-graph\">{\"@context\":\"https:\\\/\\\/schema.org\",\"@graph\":[{\"@type\":\"WebPage\",\"@id\":\"https:\\\/\\\/canada.achesongroup.com\\\/hygienic-design\\\/\",\"url\":\"https:\\\/\\\/canada.achesongroup.com\\\/hygienic-design\\\/\",\"name\":\"Hygienic Design - Canada\",\"isPartOf\":{\"@id\":\"https:\\\/\\\/canada.achesongroup.com\\\/#website\"},\"datePublished\":\"2021-05-17T13:24:37+00:00\",\"dateModified\":\"2023-05-01T02:29:35+00:00\",\"breadcrumb\":{\"@id\":\"https:\\\/\\\/canada.achesongroup.com\\\/hygienic-design\\\/#breadcrumb\"},\"inLanguage\":\"fr-CA\",\"potentialAction\":[{\"@type\":\"ReadAction\",\"target\":[\"https:\\\/\\\/canada.achesongroup.com\\\/hygienic-design\\\/\"]}]},{\"@type\":\"BreadcrumbList\",\"@id\":\"https:\\\/\\\/canada.achesongroup.com\\\/hygienic-design\\\/#breadcrumb\",\"itemListElement\":[{\"@type\":\"ListItem\",\"position\":1,\"name\":\"Home\",\"item\":\"https:\\\/\\\/canada.achesongroup.com\\\/\"},{\"@type\":\"ListItem\",\"position\":2,\"name\":\"Hygienic Design\"}]},{\"@type\":\"WebSite\",\"@id\":\"https:\\\/\\\/canada.achesongroup.com\\\/#website\",\"url\":\"https:\\\/\\\/canada.achesongroup.com\\\/\",\"name\":\"Canada\",\"description\":\"The Acheson Group\",\"publisher\":{\"@id\":\"https:\\\/\\\/canada.achesongroup.com\\\/#organization\"},\"potentialAction\":[{\"@type\":\"SearchAction\",\"target\":{\"@type\":\"EntryPoint\",\"urlTemplate\":\"https:\\\/\\\/canada.achesongroup.com\\\/?s={search_term_string}\"},\"query-input\":{\"@type\":\"PropertyValueSpecification\",\"valueRequired\":true,\"valueName\":\"search_term_string\"}}],\"inLanguage\":\"fr-CA\"},{\"@type\":\"Organization\",\"@id\":\"https:\\\/\\\/canada.achesongroup.com\\\/#organization\",\"name\":\"Canada\",\"url\":\"https:\\\/\\\/canada.achesongroup.com\\\/\",\"logo\":{\"@type\":\"ImageObject\",\"inLanguage\":\"fr-CA\",\"@id\":\"https:\\\/\\\/canada.achesongroup.com\\\/#\\\/schema\\\/logo\\\/image\\\/\",\"url\":\"https:\\\/\\\/canada.achesongroup.com\\\/wp-content\\\/uploads\\\/2021\\\/09\\\/TAG-CA-Logo_CMYK-2-e1667811794988.png\",\"contentUrl\":\"https:\\\/\\\/canada.achesongroup.com\\\/wp-content\\\/uploads\\\/2021\\\/09\\\/TAG-CA-Logo_CMYK-2-e1667811794988.png\",\"width\":260,\"height\":118,\"caption\":\"Canada\"},\"image\":{\"@id\":\"https:\\\/\\\/canada.achesongroup.com\\\/#\\\/schema\\\/logo\\\/image\\\/\"}}]}<\/script>\n<!-- \/ Yoast SEO plugin. -->","yoast_head_json":{"title":"Hygienic Design - Canada","robots":{"index":"index","follow":"follow","max-snippet":"max-snippet:-1","max-image-preview":"max-image-preview:large","max-video-preview":"max-video-preview:-1"},"canonical":"https:\/\/canada.achesongroup.com\/fr\/hygienic-design\/","og_locale":"fr_CA","og_type":"article","og_title":"Hygienic Design - Canada","og_description":"Hygienic Design It is critical that the food facility structure and processing equipment meet hygienic and sanitary design standards to prevent food-safety risks. WHY CHOOSE TAG TAG can help reduce your food safety risks, decrease sanitation cycle-time, and increase your processing run-time through a thorough assessment or training. We will assist in the incorporation of [&hellip;]","og_url":"https:\/\/canada.achesongroup.com\/fr\/hygienic-design\/","og_site_name":"Canada","article_modified_time":"2023-05-01T02:29:35+00:00","twitter_card":"summary_large_image","twitter_misc":{"Estimation du temps de lecture":"2 minutes"},"schema":{"@context":"https:\/\/schema.org","@graph":[{"@type":"WebPage","@id":"https:\/\/canada.achesongroup.com\/hygienic-design\/","url":"https:\/\/canada.achesongroup.com\/hygienic-design\/","name":"Hygienic Design - Canada","isPartOf":{"@id":"https:\/\/canada.achesongroup.com\/#website"},"datePublished":"2021-05-17T13:24:37+00:00","dateModified":"2023-05-01T02:29:35+00:00","breadcrumb":{"@id":"https:\/\/canada.achesongroup.com\/hygienic-design\/#breadcrumb"},"inLanguage":"fr-CA","potentialAction":[{"@type":"ReadAction","target":["https:\/\/canada.achesongroup.com\/hygienic-design\/"]}]},{"@type":"BreadcrumbList","@id":"https:\/\/canada.achesongroup.com\/hygienic-design\/#breadcrumb","itemListElement":[{"@type":"ListItem","position":1,"name":"Home","item":"https:\/\/canada.achesongroup.com\/"},{"@type":"ListItem","position":2,"name":"Hygienic Design"}]},{"@type":"WebSite","@id":"https:\/\/canada.achesongroup.com\/#website","url":"https:\/\/canada.achesongroup.com\/","name":"Canada","description":"The Acheson Group","publisher":{"@id":"https:\/\/canada.achesongroup.com\/#organization"},"potentialAction":[{"@type":"SearchAction","target":{"@type":"EntryPoint","urlTemplate":"https:\/\/canada.achesongroup.com\/?s={search_term_string}"},"query-input":{"@type":"PropertyValueSpecification","valueRequired":true,"valueName":"search_term_string"}}],"inLanguage":"fr-CA"},{"@type":"Organization","@id":"https:\/\/canada.achesongroup.com\/#organization","name":"Canada","url":"https:\/\/canada.achesongroup.com\/","logo":{"@type":"ImageObject","inLanguage":"fr-CA","@id":"https:\/\/canada.achesongroup.com\/#\/schema\/logo\/image\/","url":"https:\/\/canada.achesongroup.com\/wp-content\/uploads\/2021\/09\/TAG-CA-Logo_CMYK-2-e1667811794988.png","contentUrl":"https:\/\/canada.achesongroup.com\/wp-content\/uploads\/2021\/09\/TAG-CA-Logo_CMYK-2-e1667811794988.png","width":260,"height":118,"caption":"Canada"},"image":{"@id":"https:\/\/canada.achesongroup.com\/#\/schema\/logo\/image\/"}}]}},"jetpack_sharing_enabled":true,"_links":{"self":[{"href":"https:\/\/canada.achesongroup.com\/fr\/wp-json\/wp\/v2\/pages\/10418","targetHints":{"allow":["GET"]}}],"collection":[{"href":"https:\/\/canada.achesongroup.com\/fr\/wp-json\/wp\/v2\/pages"}],"about":[{"href":"https:\/\/canada.achesongroup.com\/fr\/wp-json\/wp\/v2\/types\/page"}],"author":[{"embeddable":true,"href":"https:\/\/canada.achesongroup.com\/fr\/wp-json\/wp\/v2\/users\/1"}],"replies":[{"embeddable":true,"href":"https:\/\/canada.achesongroup.com\/fr\/wp-json\/wp\/v2\/comments?post=10418"}],"version-history":[{"count":72,"href":"https:\/\/canada.achesongroup.com\/fr\/wp-json\/wp\/v2\/pages\/10418\/revisions"}],"predecessor-version":[{"id":15544,"href":"https:\/\/canada.achesongroup.com\/fr\/wp-json\/wp\/v2\/pages\/10418\/revisions\/15544"}],"wp:attachment":[{"href":"https:\/\/canada.achesongroup.com\/fr\/wp-json\/wp\/v2\/media?parent=10418"}],"curies":[{"name":"wp","href":"https:\/\/api.w.org\/{rel}","templated":true}]}}